{"id":13,"date":"2014-06-04T10:30:02","date_gmt":"2014-06-04T08:30:02","guid":{"rendered":"http:\/\/www.seseditoria.it\/?page_id=13"},"modified":"2024-11-21T10:18:43","modified_gmt":"2024-11-21T09:18:43","slug":"bolezumme-la-collana-di-libri-in-genovese-a-cura-di-franco-bampi","status":"publish","type":"page","link":"https:\/\/www.seseditoria.it\/?page_id=13","title":{"rendered":"Bolez\u00f9mme:\u00a0la collana di libri in genovese a cura di Franco Bampi"},"content":{"rendered":"\n<figure class=\"wp-block-image size-large\"><a href=\"https:\/\/www.seseditoria.it\/wp-content\/uploads\/2014\/06\/bolezumme1.jpg\"><img loading=\"lazy\" decoding=\"async\" width=\"1024\" height=\"350\" src=\"https:\/\/www.seseditoria.it\/wp-content\/uploads\/2014\/06\/bolezumme1-1024x350.jpg\" alt=\"\" class=\"wp-image-45\" srcset=\"https:\/\/www.seseditoria.it\/wp-content\/uploads\/2014\/06\/bolezumme1-1024x350.jpg 1024w, https:\/\/www.seseditoria.it\/wp-content\/uploads\/2014\/06\/bolezumme1-300x102.jpg 300w, https:\/\/www.seseditoria.it\/wp-content\/uploads\/2014\/06\/bolezumme1.jpg 1170w\" sizes=\"auto, (max-width: 1024px) 100vw, 1024px\" \/><\/a><\/figure>\n\n\n<p style=\"color: #666666;\"><br \/>Con lo scopo di contribuire al rilancio della lingua genovese, la Ses in collaborazione con la BN Marconi ha deciso di proporre al pubblico genovese la collana Bolez\u00f9mme, curata da Franco Bampi, con lo scopo di creare maretta, bolez\u00f9mme appunto, nell\u2019ambiente dei cultori del genovese e di stimolare soprattutto i giovani a riscoprire le nostre radici. La collana, che adotta la graf\u00eea ofi\u00e7i\u00e2 e ne stimola l\u2019uso, \u00e8 formata da dieci volumetti tascabili che propongono un percorso inedito attraverso la lingua genovese.<\/p>\n<p style=\"color: #666666;\"><img loading=\"lazy\" decoding=\"async\" class=\"aligncenter wp-image-49 size-full\" src=\"https:\/\/www.seseditoria.it\/wp-content\/uploads\/2014\/06\/grafia.jpg\" alt=\"01-boluezumme2.eps\" width=\"200\" height=\"261\" \/><\/p>\n<p style=\"text-align: center;\"><em>Franco Bampi<\/em><\/p>\n<h3 style=\"text-align: center;\">Graf\u00eea ofi\u00e7i\u00e2<br \/>(Grafia ufficiale della lingua genovese)<\/h3>\n<p style=\"text-align: center;\">Collana Bolez\u00f9mme<br \/>volume di 36 pagine<br \/>formato 13 x 17,5<\/p>\n<p style=\"text-align: center;\">ISBN 88-89948-16-3<\/p>\n<p style=\"text-align: center;\">Prezzo di copertina euro 3,00<\/p>\n<p align=\"center\"><b><em><a href=\"https:\/\/www.seseditoria.it\/wp-content\/uploads\/2014\/06\/parolle.jpg\"><img loading=\"lazy\" decoding=\"async\" class=\"size-full wp-image-51 aligncenter\" src=\"https:\/\/www.seseditoria.it\/wp-content\/uploads\/2014\/06\/parolle.jpg\" alt=\"01-boluezumme2.eps\" width=\"200\" height=\"261\" \/><\/a><\/em><\/b><\/p>\n<p style=\"text-align: center;\"><em>Franco Bampi<\/em><\/p>\n<h3 style=\"text-align: center;\">Par\u00f2lle de Z\u00eana<\/h3>\n<p style=\"text-align: center;\">Collana Bolez\u00f9mme<\/p>\n<p style=\"text-align: center;\">volume di 36 pagine<br \/>formato 13 x 17,5<\/p>\n<p style=\"text-align: center;\">ISBN 88-89948-17-0<\/p>\n<p style=\"text-align: center;\">Prezzo di copertina euro 3,00<\/p>\n<p align=\"center\"><b><i><a href=\"https:\/\/www.seseditoria.it\/wp-content\/uploads\/2014\/06\/carlo.jpg\"><img loading=\"lazy\" decoding=\"async\" class=\"size-full wp-image-52 aligncenter\" src=\"https:\/\/www.seseditoria.it\/wp-content\/uploads\/2014\/06\/carlo.jpg\" alt=\"01-boluezumme2.eps\" width=\"200\" height=\"261\" \/><\/a><\/i><\/b><\/p>\n<p style=\"text-align: center;\"><em>Franco Bampi &#8211; Carlo Tardito<\/em><\/p>\n<h3 style=\"text-align: center;\">In zen\u00e9ize co-o Carlo<\/h3>\n<p style=\"text-align: center;\">Collana Bolez\u00f9mme<\/p>\n<p style=\"text-align: center;\">volume di 36 pagine<br \/>formato 13 x 17,5<\/p>\n<p style=\"text-align: center;\">ISBN 88-89948-24-8<\/p>\n<p style=\"text-align: center;\">Prezzo di copertina euro 3,00<\/p>\n<p align=\"center\"><b style=\"color: #666666;\"><a href=\"https:\/\/www.seseditoria.it\/wp-content\/uploads\/2014\/06\/goiddo.jpg\"><img loading=\"lazy\" decoding=\"async\" class=\"size-full wp-image-53 aligncenter\" src=\"https:\/\/www.seseditoria.it\/wp-content\/uploads\/2014\/06\/goiddo.jpg\" alt=\"01-boluezumme2.eps\" width=\"200\" height=\"261\" \/><\/a><\/b><\/p>\n<p style=\"text-align: center;\"><em>Guido Pallotti<\/em><\/p>\n<h3 style=\"text-align: center;\">O Go\u00ecddo o ne-a c\u00f3nta<\/h3>\n<p style=\"text-align: center;\">Collana Bolez\u00f9mme<\/p>\n<p style=\"text-align: center;\">volume di 40\u00a0pagine<br \/>formato 13 x 17,5<\/p>\n<p style=\"text-align: center;\">ISBN 88-89948-27-9<\/p>\n<p style=\"text-align: center;\">Prezzo di copertina euro 3,00<\/p>\n<p style=\"text-align: center;\"><a href=\"https:\/\/www.seseditoria.it\/wp-content\/uploads\/2014\/06\/parolle2.jpg\"><img loading=\"lazy\" decoding=\"async\" class=\"aligncenter size-full wp-image-56\" src=\"https:\/\/www.seseditoria.it\/wp-content\/uploads\/2014\/06\/parolle2.jpg\" alt=\"01-boluezumme2.eps\" width=\"200\" height=\"261\" \/><\/a><\/p>\n<p style=\"text-align: center;\"><em>Franco Bampi<\/em><\/p>\n<h3 style=\"text-align: center;\">Par\u00f2lle de Z\u00eana &#8211; parte 2<\/h3>\n<p style=\"text-align: center;\">Collana Bolez\u00f9mme<\/p>\n<p style=\"text-align: center;\">volume di 36 pagine<br \/>formato 13 x 17,5<\/p>\n<p style=\"text-align: center;\">ISBN 88-89948-28-6<\/p>\n<p style=\"text-align: center;\">Prezzo di copertina euro 3,00<\/p>\n<p style=\"text-align: center;\"><a href=\"https:\/\/www.seseditoria.it\/wp-content\/uploads\/2014\/06\/carlo2.jpg\"><img loading=\"lazy\" decoding=\"async\" class=\"aligncenter size-full wp-image-57\" src=\"https:\/\/www.seseditoria.it\/wp-content\/uploads\/2014\/06\/carlo2.jpg\" alt=\"01-boluezumme2.eps\" width=\"200\" height=\"262\" \/><\/a><\/p>\n<p style=\"text-align: center;\"><em>Franco Bampi &#8211; Carlo Tardito<\/em><\/p>\n<h3 style=\"text-align: center;\">In zen\u00e9ize co-o Carlo &#8211; parte 2<\/h3>\n<p style=\"text-align: center;\">Collana Bolez\u00f9mme<\/p>\n<p style=\"text-align: center;\">volume di 36 pagine<br \/>formato 13 x 17,5<\/p>\n<p style=\"text-align: center;\">ISBN 88-89948-29-3<\/p>\n<p style=\"text-align: center;\">Prezzo di copertina euro 3,00<\/p>\n<p style=\"text-align: center;\"><a href=\"https:\/\/www.seseditoria.it\/wp-content\/uploads\/2014\/06\/pefase.jpg\"><img loading=\"lazy\" decoding=\"async\" class=\"aligncenter size-full wp-image-59\" src=\"https:\/\/www.seseditoria.it\/wp-content\/uploads\/2014\/06\/pefase.jpg\" alt=\"01-boluezumme2.eps\" width=\"200\" height=\"262\" \/><\/a><\/p>\n<p style=\"text-align: center;\"><em>Franco Bampi &#8211; Guido Pallotti<\/em><\/p>\n<h3 style=\"text-align: center;\">Pe f\u00e2se \u2018n p\u00f6 de r\u00eee<\/h3>\n<p style=\"text-align: center;\">Collana Bolez\u00f9mme<\/p>\n<p style=\"text-align: center;\">volume di 36 pagine<br \/>formato 13 x 17,5<\/p>\n<p style=\"text-align: center;\">ISBN 88-89948-30-9<\/p>\n<p style=\"text-align: center;\">Prezzo di copertina euro 3,00<\/p>\n<p style=\"text-align: center;\"><a href=\"https:\/\/www.seseditoria.it\/wp-content\/uploads\/2014\/06\/verbi1.jpg\"><img loading=\"lazy\" decoding=\"async\" class=\"aligncenter size-full wp-image-60\" src=\"https:\/\/www.seseditoria.it\/wp-content\/uploads\/2014\/06\/verbi1.jpg\" alt=\"01-boluezumme2.eps\" width=\"200\" height=\"261\" \/><\/a><\/p>\n<p style=\"text-align: center;\"><em>Franco Bampi<\/em><\/p>\n<h3 style=\"text-align: center;\">V\u00e8rbi zen\u00e9ixi\u00a0&#8211; parte\u00a01<\/h3>\n<p style=\"text-align: center;\">Collana Bolez\u00f9mme<\/p>\n<p style=\"text-align: center;\">volume di 40\u00a0pagine<br \/>formato 13 x 17,5<\/p>\n<p style=\"text-align: center;\">ISBN 88-89948-31-6<\/p>\n<p style=\"text-align: center;\">Prezzo di copertina euro 3,00<\/p>\n<p style=\"text-align: center;\"><a href=\"https:\/\/www.seseditoria.it\/wp-content\/uploads\/2014\/06\/verbi2.jpg\"><img loading=\"lazy\" decoding=\"async\" class=\"aligncenter size-full wp-image-61\" src=\"https:\/\/www.seseditoria.it\/wp-content\/uploads\/2014\/06\/verbi2.jpg\" alt=\"01-boluezumme2.eps\" width=\"200\" height=\"261\" \/><\/a><\/p>\n<p style=\"text-align: center;\"><em>Franco Bampi<\/em><\/p>\n<h3 style=\"text-align: center;\">V\u00e8rbi zen\u00e9ixi &#8211; parte\u00a02<\/h3>\n<p style=\"text-align: center;\">Collana Bolez\u00f9mme<\/p>\n<p style=\"text-align: center;\">volume di 48 pagine<br \/>formato 13 x 17,5<br \/>ISBN 88-89948-32-3<br \/>Prezzo di copertina euro 3,00<\/p>\n<p style=\"text-align: center;\"><a href=\"https:\/\/www.seseditoria.it\/wp-content\/uploads\/2014\/06\/natalle.jpg\"><img loading=\"lazy\" decoding=\"async\" class=\"aligncenter size-full wp-image-62\" src=\"https:\/\/www.seseditoria.it\/wp-content\/uploads\/2014\/06\/natalle.jpg\" alt=\"01-boluezumme2.eps\" width=\"200\" height=\"262\" \/><\/a><\/p>\n<p style=\"text-align: center;\"><em>Nicol\u00f2 Bacigalupo &#8211; a cura di Franco Bampi<\/em><\/p>\n<h3 style=\"text-align: center;\">O Nat\u00e2le do sci\u00f4 Nic\u00f2lla<\/h3>\n<p style=\"text-align: center;\">Collana Bolez\u00f9mme<\/p>\n<p style=\"text-align: center;\">volume di 48 pagine<br \/>formato 13 x 17,5<br \/>ISBN 88-89948-33-0<br \/>Prezzo di copertina euro 3,00<\/p>\n<p style=\"color: #666666; text-align: center;\">La collana Bolez\u00f9mme \u00e8 curata da Franco Bampi<\/p>\n<p style=\"color: #666666; text-align: center;\"><a href=\"https:\/\/www.seseditoria.it\/wp-content\/uploads\/2014\/06\/logoweb.jpg\"><img loading=\"lazy\" decoding=\"async\" class=\"aligncenter size-full wp-image-23\" src=\"https:\/\/www.seseditoria.it\/wp-content\/uploads\/2014\/06\/logoweb.jpg\" alt=\"logoweb\" width=\"73\" height=\"80\" \/><\/a><\/p>\n<p style=\"text-align: center;\">Societ\u00e0 Editrice Sampierdarenese coop a r.l.<br \/>P.IVA 02437420108<br \/>Corso Martinetti 4\/6 16149 \u2013 GENOVA SAMPIERDARENA<\/p>\n<p>\u00a0<\/p>","protected":false},"excerpt":{"rendered":"<p>Con lo scopo di contribuire al rilancio della lingua genovese, la Ses in collaborazione con la BN Marconi ha deciso di proporre al pubblico genovese la collana Bolez\u00f9mme, curata da &#8230;<\/p>\n","protected":false},"author":1,"featured_media":0,"parent":0,"menu_order":0,"comment_status":"closed","ping_status":"closed","template":"","meta":{"footnotes":""},"class_list":["post-13","page","type-page","status-publish","hentry"],"_links":{"self":[{"href":"https:\/\/www.seseditoria.it\/index.php?rest_route=\/wp\/v2\/pages\/13","targetHints":{"allow":["GET"]}}],"collection":[{"href":"https:\/\/www.seseditoria.it\/index.php?rest_route=\/wp\/v2\/pages"}],"about":[{"href":"https:\/\/www.seseditoria.it\/index.php?rest_route=\/wp\/v2\/types\/page"}],"author":[{"embeddable":true,"href":"https:\/\/www.seseditoria.it\/index.php?rest_route=\/wp\/v2\/users\/1"}],"replies":[{"embeddable":true,"href":"https:\/\/www.seseditoria.it\/index.php?rest_route=%2Fwp%2Fv2%2Fcomments&post=13"}],"version-history":[{"count":10,"href":"https:\/\/www.seseditoria.it\/index.php?rest_route=\/wp\/v2\/pages\/13\/revisions"}],"predecessor-version":[{"id":394,"href":"https:\/\/www.seseditoria.it\/index.php?rest_route=\/wp\/v2\/pages\/13\/revisions\/394"}],"wp:attachment":[{"href":"https:\/\/www.seseditoria.it\/index.php?rest_route=%2Fwp%2Fv2%2Fmedia&parent=13"}],"curies":[{"name":"wp","href":"https:\/\/api.w.org\/{rel}","templated":true}]}}